{"id":96,"date":"2012-11-09T17:19:19","date_gmt":"2012-11-09T17:19:19","guid":{"rendered":"http:\/\/sc.essehof-online.de\/?page_id=96"},"modified":"2016-03-29T15:51:56","modified_gmt":"2016-03-29T15:51:56","slug":"herrensport","status":"publish","type":"page","link":"http:\/\/sc.essehof-online.de\/?page_id=96","title":{"rendered":"Herrensport"},"content":{"rendered":"<p style=\"text-align: center;\"><strong>&#8222;Fitness for men&#8220;<\/strong><\/p>\n<p style=\"text-align: left;\">Dienstags von 18:30-19:30, mit lizensierter Trainerin !<\/p>\n<p style=\"text-align: left;\">Gezielte \u00dcbungen f\u00fcr den gesamten K\u00f6rper.<\/p>\n<p>&nbsp;<\/p>\n<p style=\"text-align: center;\"><strong>&#8222;Futsal und anderes&#8220;<\/strong><\/p>\n<p>Am Herrensport Donnerstags nehmen zwischen 6 und 12 Teilnehmer gemischten Alters regelm\u00e4\u00dfig! Besonders h\u00e4ufig spielen wir Futsal &#8211; eine Art des Hallenfussballs mit einem etwas kleineren, sprungreduziertem Ball.<\/p>\n<p>Trainingszeit: 20-22 Uhr<\/p>\n<p style=\"text-align: center;\"><strong>&#8222;Und noch anderes?&#8220;<\/strong><\/p>\n<p>Es gibt bereits einige Anfragen bez\u00fcglich Badminton, Volleyball und anderem. Bei Interesse meldet euch einfach. Mal sehen wieviel Interessierte sich finden und welche L\u00fccken im Hallenbelegungsplan genutzt werden k\u00f6nnen,<\/p>\n<p>Kontakt unter sport-club@essehof-online.de oder\u00a0 \u00fcber Martin Fr\u00f6hling 05309\/981046.<\/p>\n","protected":false},"excerpt":{"rendered":"<p>&#8222;Fitness for men&#8220; Dienstags von 18:30-19:30, mit lizensierter Trainerin ! Gezielte \u00dcbungen f\u00fcr den gesamten K\u00f6rper. &nbsp; &#8222;Futsal und anderes&#8220; Am Herrensport Donnerstags nehmen zwischen 6 und 12 Teilnehmer gemischten Alters regelm\u00e4\u00dfig! Besonders h\u00e4ufig spielen wir Futsal &#8211; eine Art des Hallenfussballs mit einem etwas kleineren, sprungreduziertem Ball. Trainingszeit: 20-22 Uhr &#8222;Und noch anderes?&#8220; Es &hellip; <a href=\"http:\/\/sc.essehof-online.de\/?page_id=96\" class=\"more-link\"><span class=\"screen-reader-text\">Herrensport<\/span> weiterlesen <span class=\"meta-nav\">&rarr;<\/span><\/a><\/p>\n","protected":false},"author":1,"featured_media":0,"parent":0,"menu_order":5,"comment_status":"closed","ping_status":"closed","template":"","meta":{"footnotes":""},"class_list":["post-96","page","type-page","status-publish","hentry"],"_links":{"self":[{"href":"http:\/\/sc.essehof-online.de\/index.php?rest_route=\/wp\/v2\/pages\/96","targetHints":{"allow":["GET"]}}],"collection":[{"href":"http:\/\/sc.essehof-online.de\/index.php?rest_route=\/wp\/v2\/pages"}],"about":[{"href":"http:\/\/sc.essehof-online.de\/index.php?rest_route=\/wp\/v2\/types\/page"}],"author":[{"embeddable":true,"href":"http:\/\/sc.essehof-online.de\/index.php?rest_route=\/wp\/v2\/users\/1"}],"replies":[{"embeddable":true,"href":"http:\/\/sc.essehof-online.de\/index.php?rest_route=%2Fwp%2Fv2%2Fcomments&post=96"}],"version-history":[{"count":15,"href":"http:\/\/sc.essehof-online.de\/index.php?rest_route=\/wp\/v2\/pages\/96\/revisions"}],"predecessor-version":[{"id":670,"href":"http:\/\/sc.essehof-online.de\/index.php?rest_route=\/wp\/v2\/pages\/96\/revisions\/670"}],"wp:attachment":[{"href":"http:\/\/sc.essehof-online.de\/index.php?rest_route=%2Fwp%2Fv2%2Fmedia&parent=96"}],"curies":[{"name":"wp","href":"https:\/\/api.w.org\/{rel}","templated":true}]}}