{"id":8,"date":"2012-10-22T06:27:58","date_gmt":"2012-10-22T06:27:58","guid":{"rendered":"http:\/\/localhost\/wordpress\/?page_id=2"},"modified":"2012-11-04T12:36:29","modified_gmt":"2012-11-04T12:36:29","slug":"beispiel-seite","status":"publish","type":"page","link":"http:\/\/sc.essehof-online.de\/?page_id=8","title":{"rendered":"\u00dcber uns"},"content":{"rendered":"<p>Dies ist eine statische Seite mit Unterseiten \u00fcber Bereiche des Vereins, die sich nur selten \u00e4ndern.<\/p>\n","protected":false},"excerpt":{"rendered":"<p>Dies ist eine statische Seite mit Unterseiten \u00fcber Bereiche des Vereins, die sich nur selten \u00e4ndern.<\/p>\n","protected":false},"author":1,"featured_media":0,"parent":0,"menu_order":0,"comment_status":"open","ping_status":"open","template":"","meta":{"footnotes":""},"class_list":["post-8","page","type-page","status-publish","hentry"],"_links":{"self":[{"href":"http:\/\/sc.essehof-online.de\/index.php?rest_route=\/wp\/v2\/pages\/8","targetHints":{"allow":["GET"]}}],"collection":[{"href":"http:\/\/sc.essehof-online.de\/index.php?rest_route=\/wp\/v2\/pages"}],"about":[{"href":"http:\/\/sc.essehof-online.de\/index.php?rest_route=\/wp\/v2\/types\/page"}],"author":[{"embeddable":true,"href":"http:\/\/sc.essehof-online.de\/index.php?rest_route=\/wp\/v2\/users\/1"}],"replies":[{"embeddable":true,"href":"http:\/\/sc.essehof-online.de\/index.php?rest_route=%2Fwp%2Fv2%2Fcomments&post=8"}],"version-history":[{"count":3,"href":"http:\/\/sc.essehof-online.de\/index.php?rest_route=\/wp\/v2\/pages\/8\/revisions"}],"predecessor-version":[{"id":41,"href":"http:\/\/sc.essehof-online.de\/index.php?rest_route=\/wp\/v2\/pages\/8\/revisions\/41"}],"wp:attachment":[{"href":"http:\/\/sc.essehof-online.de\/index.php?rest_route=%2Fwp%2Fv2%2Fmedia&parent=8"}],"curies":[{"name":"wp","href":"https:\/\/api.w.org\/{rel}","templated":true}]}}