{"id":558,"date":"2015-01-17T16:26:50","date_gmt":"2015-01-17T16:26:50","guid":{"rendered":"http:\/\/sc.essehof-online.de\/?page_id=558"},"modified":"2017-11-30T12:55:56","modified_gmt":"2017-11-30T12:55:56","slug":"beitraege","status":"publish","type":"page","link":"http:\/\/sc.essehof-online.de\/?page_id=558","title":{"rendered":"Beitr\u00e4ge"},"content":{"rendered":"<div class=\"entry-content\">\n<ul>\n<li><strong>Erwachsene\u00a0\u00a0\u00a0\u00a0\u00a0\u00a0\u00a0\u00a0\u00a0\u00a0\u00a0\u00a0\u00a0\u00a0\u00a0\u00a0\u00a0\u00a0\u00a0\u00a0\u00a0\u00a0\u00a0\u00a0\u00a0\u00a0\u00a0\u00a0\u00a0\u00a0\u00a0\u00a0\u00a0\u00a0\u00a0\u00a0\u00a0\u00a0\u00a0\u00a0\u00a0\u00a0\u00a0\u00a0\u00a0\u00a0\u00a0\u00a0\u00a0\u00a0\u00a0\u00a0\u00a0\u00a0 5,00 \u20ac monatlich<\/strong><\/li>\n<li><strong>Kinder\/Jugendliche bis 18 Jahre\u00a0\u00a0\u00a0\u00a0\u00a0\u00a0\u00a0\u00a0 3,50 \u20ac monatlich<\/strong><\/li>\n<li><strong>Familien\u00a0\u00a0\u00a0\u00a0\u00a0\u00a0\u00a0\u00a0\u00a0\u00a0\u00a0\u00a0\u00a0\u00a0\u00a0\u00a0\u00a0\u00a0\u00a0\u00a0\u00a0\u00a0\u00a0\u00a0\u00a0\u00a0\u00a0\u00a0\u00a0\u00a0\u00a0\u00a0\u00a0\u00a0\u00a0\u00a0\u00a0\u00a0\u00a0\u00a0\u00a0\u00a0\u00a0\u00a0\u00a0\u00a0\u00a0\u00a0\u00a0\u00a0\u00a0\u00a0\u00a0\u00a0\u00a0\u00a0\u00a0\u00a0\u00a0\u00a0\u00a0\u00a0\u00a0 11,00 \u20ac monatlich<\/strong><\/li>\n<\/ul>\n<p><strong>Gem\u00e4\u00df Beschluss der <\/strong><strong>Jahreshauptversammlung werden folgende zus\u00e4tzliche Spartenbeitr\u00e4ge monatlich erhoben:<\/strong><em><strong><br \/>\n<\/strong><\/em><\/p>\n<ul>\n<li>\n<div><strong>Ballett\u00a0\u00a0\u00a0\u00a0\u00a0\u00a0\u00a0\u00a0\u00a0\u00a0\u00a0\u00a0\u00a0\u00a0\u00a0\u00a0\u00a0\u00a0 8,00 \u20ac monatlich<\/strong><\/div>\n<\/li>\n<li>\n<div><strong>Ju-Jutsu\u00a0\u00a0\u00a0\u00a0\u00a0\u00a0\u00a0\u00a0\u00a0\u00a0\u00a0\u00a0\u00a0 5,00 \u20ac monatlich<\/strong><\/div>\n<\/li>\n<\/ul>\n<p>Stand 20.02.2016<\/p>\n<\/div>\n","protected":false},"excerpt":{"rendered":"<p>Erwachsene\u00a0\u00a0\u00a0\u00a0\u00a0\u00a0\u00a0\u00a0\u00a0\u00a0\u00a0\u00a0\u00a0\u00a0\u00a0\u00a0\u00a0\u00a0\u00a0\u00a0\u00a0\u00a0\u00a0\u00a0\u00a0\u00a0\u00a0\u00a0\u00a0\u00a0\u00a0\u00a0\u00a0\u00a0\u00a0\u00a0\u00a0\u00a0\u00a0\u00a0\u00a0\u00a0\u00a0\u00a0\u00a0\u00a0\u00a0\u00a0\u00a0\u00a0\u00a0\u00a0\u00a0\u00a0 5,00 \u20ac monatlich Kinder\/Jugendliche bis 18 Jahre\u00a0\u00a0\u00a0\u00a0\u00a0\u00a0\u00a0\u00a0 3,50 \u20ac monatlich Familien\u00a0\u00a0\u00a0\u00a0\u00a0\u00a0\u00a0\u00a0\u00a0\u00a0\u00a0\u00a0\u00a0\u00a0\u00a0\u00a0\u00a0\u00a0\u00a0\u00a0\u00a0\u00a0\u00a0\u00a0\u00a0\u00a0\u00a0\u00a0\u00a0\u00a0\u00a0\u00a0\u00a0\u00a0\u00a0\u00a0\u00a0\u00a0\u00a0\u00a0\u00a0\u00a0\u00a0\u00a0\u00a0\u00a0\u00a0\u00a0\u00a0\u00a0\u00a0\u00a0\u00a0\u00a0\u00a0\u00a0\u00a0\u00a0\u00a0\u00a0\u00a0\u00a0\u00a0 11,00 \u20ac monatlich Gem\u00e4\u00df Beschluss der Jahreshauptversammlung werden folgende zus\u00e4tzliche Spartenbeitr\u00e4ge monatlich erhoben: Ballett\u00a0\u00a0\u00a0\u00a0\u00a0\u00a0\u00a0\u00a0\u00a0\u00a0\u00a0\u00a0\u00a0\u00a0\u00a0\u00a0\u00a0\u00a0 8,00 \u20ac monatlich Ju-Jutsu\u00a0\u00a0\u00a0\u00a0\u00a0\u00a0\u00a0\u00a0\u00a0\u00a0\u00a0\u00a0\u00a0 5,00 \u20ac monatlich Stand 20.02.2016<\/p>\n","protected":false},"author":1,"featured_media":0,"parent":8,"menu_order":4,"comment_status":"closed","ping_status":"closed","template":"","meta":{"footnotes":""},"class_list":["post-558","page","type-page","status-publish","hentry"],"_links":{"self":[{"href":"http:\/\/sc.essehof-online.de\/index.php?rest_route=\/wp\/v2\/pages\/558","targetHints":{"allow":["GET"]}}],"collection":[{"href":"http:\/\/sc.essehof-online.de\/index.php?rest_route=\/wp\/v2\/pages"}],"about":[{"href":"http:\/\/sc.essehof-online.de\/index.php?rest_route=\/wp\/v2\/types\/page"}],"author":[{"embeddable":true,"href":"http:\/\/sc.essehof-online.de\/index.php?rest_route=\/wp\/v2\/users\/1"}],"replies":[{"embeddable":true,"href":"http:\/\/sc.essehof-online.de\/index.php?rest_route=%2Fwp%2Fv2%2Fcomments&post=558"}],"version-history":[{"count":6,"href":"http:\/\/sc.essehof-online.de\/index.php?rest_route=\/wp\/v2\/pages\/558\/revisions"}],"predecessor-version":[{"id":762,"href":"http:\/\/sc.essehof-online.de\/index.php?rest_route=\/wp\/v2\/pages\/558\/revisions\/762"}],"up":[{"embeddable":true,"href":"http:\/\/sc.essehof-online.de\/index.php?rest_route=\/wp\/v2\/pages\/8"}],"wp:attachment":[{"href":"http:\/\/sc.essehof-online.de\/index.php?rest_route=%2Fwp%2Fv2%2Fmedia&parent=558"}],"curies":[{"name":"wp","href":"https:\/\/api.w.org\/{rel}","templated":true}]}}